{"id":674,"date":"2022-02-10T18:28:50","date_gmt":"2022-02-10T17:28:50","guid":{"rendered":"http:\/\/saint-frajou.com\/?page_id=674"},"modified":"2025-04-16T09:58:24","modified_gmt":"2025-04-16T07:58:24","slug":"comptes-rendus-de-conseils-municipaux","status":"publish","type":"page","link":"https:\/\/www.saint-frajou.com\/index.php\/comptes-rendus-de-conseils-municipaux\/","title":{"rendered":"D\u00e9lib\u00e9rations prises en Conseil municipal"},"content":{"rendered":"\n<p>Vous pouvez consulter ou t\u00e9l\u00e9charger les d\u00e9lib\u00e9rations prises en Conseil municipal.<\/p>\n\n\n\n<h3 class=\"wp-block-heading has-accent-color has-text-color\" style=\"font-style:normal;font-weight:700\">2025<\/h3>\n\n\n\n<div class=\"wp-block-columns is-layout-flex wp-container-core-columns-is-layout-28f84493 wp-block-columns-is-layout-flex\">\n<div class=\"wp-block-column is-layout-flow wp-block-column-is-layout-flow\">\n<h6 class=\"wp-block-heading\">Finances<\/h6>\n\n\n\n<ul class=\"wp-block-list\">\n<li>Compte administratif 202<\/li>\n\n\n\n<li>Compte de gestion 2023<\/li>\n\n\n\n<li>Affectation de r\u00e9sultat 2023<\/li>\n\n\n\n<li>Budget 2024<\/li>\n\n\n\n<li>Vote des taxes<\/li>\n\n\n\n<li>Participation aux frais de fonctionnement des \u00e9coles<\/li>\n<\/ul>\n<\/div>\n\n\n\n<div class=\"wp-block-column is-layout-flow wp-block-column-is-layout-flow\">\n<h6 class=\"wp-block-heading\">Demandes d&rsquo;aides<\/h6>\n\n\n\n<ul class=\"wp-block-list\">\n<li>Avis de la commune PLUi<\/li>\n\n\n\n<li><\/li>\n<\/ul>\n<\/div>\n<\/div>\n\n\n\n<h3 class=\"wp-block-heading has-accent-color has-text-color\" style=\"font-style:normal;font-weight:700\">2024<\/h3>\n\n\n\n<div class=\"wp-block-columns is-layout-flex wp-container-core-columns-is-layout-28f84493 wp-block-columns-is-layout-flex\">\n<div class=\"wp-block-column is-layout-flow wp-block-column-is-layout-flow\">\n<h6 class=\"wp-block-heading\">Finances<\/h6>\n\n\n\n<ul class=\"wp-block-list\">\n<li><a href=\"https:\/\/www.saint-frajou.com\/wp-content\/uploads\/2024\/04\/Compte-administratif.pdf\">Compte administratif 2023<\/a><\/li>\n\n\n\n<li><a href=\"https:\/\/www.saint-frajou.com\/wp-content\/uploads\/2024\/04\/Approbation-du-Compte-de-Gestion.pdf\">Compte de gestion 2023<\/a><\/li>\n\n\n\n<li><a href=\"https:\/\/www.saint-frajou.com\/wp-content\/uploads\/2024\/04\/Affectation-de-resultat.pdf\">Affectation de r\u00e9sultat 2023<\/a><\/li>\n\n\n\n<li><a href=\"https:\/\/www.saint-frajou.com\/wp-content\/uploads\/2024\/04\/Vote-du-Budget-Primatif-2024.pdf\">Budget 2024<\/a><\/li>\n\n\n\n<li><a href=\"https:\/\/www.saint-frajou.com\/wp-content\/uploads\/2024\/04\/Vote-des-taxes-2024.pdf\">Vote des taxes<\/a><\/li>\n\n\n\n<li><a href=\"https:\/\/www.saint-frajou.com\/wp-content\/uploads\/2024\/04\/Frais-de-fonctionnement-des-ecoles.pdf\">Participation aux frais de fonctionnement des \u00e9coles<\/a><\/li>\n<\/ul>\n<\/div>\n\n\n\n<div class=\"wp-block-column is-layout-flow wp-block-column-is-layout-flow\">\n<h6 class=\"wp-block-heading\">Demandes d&rsquo;aides<\/h6>\n\n\n\n<ul class=\"wp-block-list\">\n<li><a href=\"https:\/\/www.saint-frajou.com\/wp-content\/uploads\/2024\/04\/Avis-arret-PLUi-Coteaux-Nord.pdf\">Avis de la commune PLUi<\/a><\/li>\n\n\n\n<li><\/li>\n<\/ul>\n<\/div>\n<\/div>\n\n\n\n<h3 class=\"wp-block-heading has-accent-color has-text-color\" style=\"font-style:normal;font-weight:700\">2023<\/h3>\n\n\n\n<div class=\"wp-block-columns is-layout-flex wp-container-core-columns-is-layout-28f84493 wp-block-columns-is-layout-flex\">\n<div class=\"wp-block-column is-layout-flow wp-block-column-is-layout-flow\">\n<h6 class=\"wp-block-heading\">Finances<\/h6>\n\n\n\n<ul class=\"wp-block-list\">\n<li>Compte administratif 2022<\/li>\n\n\n\n<li>Compte de gestion 2022<\/li>\n\n\n\n<li>Affectation de r\u00e9sultat 2022<\/li>\n\n\n\n<li>Budget 2023<\/li>\n\n\n\n<li>Vote des taxes<\/li>\n\n\n\n<li>Participation aux frais de fonctionnement des \u00e9coles<\/li>\n<\/ul>\n<\/div>\n\n\n\n<div class=\"wp-block-column is-layout-flow wp-block-column-is-layout-flow\">\n<h6 class=\"wp-block-heading\">Demandes d&rsquo;aides<\/h6>\n\n\n\n<ul class=\"wp-block-list\">\n<li><\/li>\n\n\n\n<li><\/li>\n<\/ul>\n<\/div>\n<\/div>\n\n\n\n<h3 class=\"wp-block-heading has-accent-color has-text-color\" style=\"font-style:normal;font-weight:700\">2022<\/h3>\n\n\n\n<div class=\"wp-block-columns is-layout-flex wp-container-core-columns-is-layout-28f84493 wp-block-columns-is-layout-flex\">\n<div class=\"wp-block-column is-layout-flow wp-block-column-is-layout-flow\">\n<h6 class=\"wp-block-heading\">Finances<\/h6>\n\n\n\n<ul class=\"wp-block-list\">\n<li><a href=\"https:\/\/www.saint-frajou.com\/wp-content\/uploads\/2022\/06\/Compte-Administratif-2021.pdf\" target=\"_blank\" rel=\"noreferrer noopener\">Compte administratif 2021<\/a><\/li>\n\n\n\n<li><a href=\"https:\/\/www.saint-frajou.com\/wp-content\/uploads\/2022\/06\/Compte-de-gestion-2021.pdf\" target=\"_blank\" rel=\"noreferrer noopener\">Compte de gestion 2021<\/a><\/li>\n\n\n\n<li><a href=\"https:\/\/www.saint-frajou.com\/wp-content\/uploads\/2022\/06\/affectation-de-resultat-2021.pdf\" target=\"_blank\" rel=\"noreferrer noopener\">Affectation de r\u00e9sultat 2021<\/a><\/li>\n\n\n\n<li><a href=\"https:\/\/www.saint-frajou.com\/wp-content\/uploads\/2022\/06\/Deliberation-budget-2022.pdf\" target=\"_blank\" rel=\"noreferrer noopener\">Budget 2022<\/a><\/li>\n\n\n\n<li><a href=\"https:\/\/www.saint-frajou.com\/wp-content\/uploads\/2022\/06\/Vote-des-taxes-2022.pdf\" target=\"_blank\" rel=\"noreferrer noopener\">Vote des taxes<\/a><\/li>\n\n\n\n<li><a href=\"https:\/\/www.saint-frajou.com\/wp-content\/uploads\/2022\/06\/Participation-aux-frais-de-fonctionnement-des-ecoles.pdf\" target=\"_blank\" rel=\"noreferrer noopener\">Participation aux frais de fonctionnement des \u00e9coles<\/a><\/li>\n<\/ul>\n<\/div>\n\n\n\n<div class=\"wp-block-column is-layout-flow wp-block-column-is-layout-flow\">\n<h6 class=\"wp-block-heading\">Demandes d&rsquo;aides<\/h6>\n\n\n\n<ul class=\"wp-block-list\">\n<li><a href=\"https:\/\/www.saint-frajou.com\/wp-content\/uploads\/2022\/06\/Demande-daide-LEADER-pour-la-creation-dun-dome.pdf\" target=\"_blank\" rel=\"noreferrer noopener\">Demande LEADER &#8211; cr\u00e9ation d\u00f4me table d&rsquo;orientation<\/a><\/li>\n\n\n\n<li><a href=\"https:\/\/www.saint-frajou.com\/wp-content\/uploads\/2022\/06\/Demande-de-subvention-au-Departement-pour-la-creation-dun-dome.pdf\" target=\"_blank\" rel=\"noreferrer noopener\">Demande Conseil d\u00e9partemental 31 &#8211; cr\u00e9ation d\u00f4me table d&rsquo;orientation<\/a><\/li>\n\n\n\n<li><\/li>\n<\/ul>\n<\/div>\n<\/div>\n\n\n\n<div class=\"wp-block-columns is-layout-flex wp-container-core-columns-is-layout-28f84493 wp-block-columns-is-layout-flex\">\n<div class=\"wp-block-column is-layout-flow wp-block-column-is-layout-flow\">\n<h6 class=\"wp-block-heading\">Ressources humaines<\/h6>\n\n\n\n<ul class=\"wp-block-list\">\n<li><\/li>\n<\/ul>\n<\/div>\n\n\n\n<div class=\"wp-block-column is-layout-flow wp-block-column-is-layout-flow\">\n<h6 class=\"wp-block-heading\">Urbanisme<\/h6>\n\n\n\n<ul class=\"wp-block-list\">\n<li><\/li>\n<\/ul>\n<\/div>\n<\/div>\n\n\n\n<div class=\"wp-block-columns is-layout-flex wp-container-core-columns-is-layout-28f84493 wp-block-columns-is-layout-flex\">\n<div class=\"wp-block-column is-layout-flow wp-block-column-is-layout-flow\">\n<h6 class=\"wp-block-heading\">Travaux et acquisitions<\/h6>\n\n\n\n<ul class=\"wp-block-list\">\n<li><\/li>\n<\/ul>\n<\/div>\n\n\n\n<div class=\"wp-block-column is-layout-flow wp-block-column-is-layout-flow\">\n<h6 class=\"wp-block-heading\">Administratif<\/h6>\n\n\n\n<ul class=\"wp-block-list\">\n<li><\/li>\n<\/ul>\n<\/div>\n<\/div>\n\n\n\n<div class=\"wp-block-columns is-layout-flex wp-container-core-columns-is-layout-28f84493 wp-block-columns-is-layout-flex\">\n<div class=\"wp-block-column is-layout-flow wp-block-column-is-layout-flow\">\n<h6 class=\"wp-block-heading\">Social<\/h6>\n\n\n\n<ul class=\"wp-block-list\">\n<li><\/li>\n<\/ul>\n<\/div>\n\n\n\n<div class=\"wp-block-column is-layout-flow wp-block-column-is-layout-flow\">\n<h6 class=\"wp-block-heading\">En lien avec la Communaut\u00e9 de Communes<\/h6>\n\n\n\n<ul class=\"wp-block-list\">\n<li><\/li>\n<\/ul>\n<\/div>\n<\/div>\n\n\n\n<h3 class=\"wp-block-heading has-accent-color has-text-color\" style=\"font-style:normal;font-weight:700\">2017<\/h3>\n\n\n\n<div class=\"wp-block-columns is-layout-flex wp-container-core-columns-is-layout-28f84493 wp-block-columns-is-layout-flex\">\n<div class=\"wp-block-column is-layout-flow wp-block-column-is-layout-flow\">\n<h6 class=\"wp-block-heading\">Finances<\/h6>\n\n\n\n<ul class=\"wp-block-list\">\n<li><a href=\"https:\/\/www.saint-frajou.com\/wp-content\/uploads\/2022\/06\/Tarifs-des-concessions-au-columbarium.pdf\" target=\"_blank\" rel=\"noreferrer noopener\">Tarifs concession columbarium <\/a><\/li>\n<\/ul>\n<\/div>\n\n\n\n<div class=\"wp-block-column is-layout-flow wp-block-column-is-layout-flow\">\n<h6 class=\"wp-block-heading\"><\/h6>\n<\/div>\n<\/div>\n\n\n\n<h3 class=\"wp-block-heading has-accent-color has-text-color\" style=\"font-style:normal;font-weight:700\">2014<\/h3>\n\n\n\n<div class=\"wp-block-columns is-layout-flex wp-container-core-columns-is-layout-28f84493 wp-block-columns-is-layout-flex\">\n<div class=\"wp-block-column is-layout-flow wp-block-column-is-layout-flow\">\n<h6 class=\"wp-block-heading\">Finances<\/h6>\n\n\n\n<ul class=\"wp-block-list\">\n<li><a href=\"https:\/\/www.saint-frajou.com\/wp-content\/uploads\/2022\/06\/Tarifs-location-de-la-salle-des-fetes.pdf\" target=\"_blank\" rel=\"noreferrer noopener\">Tarifs location salle des f\u00eates<\/a><\/li>\n<\/ul>\n<\/div>\n\n\n\n<div class=\"wp-block-column is-layout-flow wp-block-column-is-layout-flow\">\n<h6 class=\"wp-block-heading\"><\/h6>\n<\/div>\n<\/div>\n\n\n\n<h3 class=\"wp-block-heading has-accent-color has-text-color\" style=\"font-style:normal;font-weight:700\">2009<\/h3>\n\n\n\n<div class=\"wp-block-columns is-layout-flex wp-container-core-columns-is-layout-28f84493 wp-block-columns-is-layout-flex\">\n<div class=\"wp-block-column is-layout-flow wp-block-column-is-layout-flow\">\n<h6 class=\"wp-block-heading\">Finances<\/h6>\n\n\n\n<ul class=\"wp-block-list\">\n<li><a href=\"https:\/\/www.saint-frajou.com\/wp-content\/uploads\/2022\/06\/Tarifs-concessions-au-cimetiere-communal.pdf\" target=\"_blank\" rel=\"noreferrer noopener\">Tarifs concession du cimeti\u00e8re<\/a><\/li>\n<\/ul>\n<\/div>\n\n\n\n<div class=\"wp-block-column is-layout-flow wp-block-column-is-layout-flow\">\n<h6 class=\"wp-block-heading\"><\/h6>\n<\/div>\n<\/div>\n","protected":false},"excerpt":{"rendered":"<p>Vous pouvez consulter ou t\u00e9l\u00e9charger les d\u00e9lib\u00e9rations prises en Conseil municipal. 2025 Finances Demandes d&rsquo;aides 2024 Finances Demandes d&rsquo;aides 2023 Finances Demandes d&rsquo;aides 2022 Finances Demandes d&rsquo;aides Ressources humaines Urbanisme Travaux et acquisitions Administratif Social En lien avec la Communaut\u00e9 de Communes 2017 Finances 2014 Finances 2009 Finances<\/p>\n","protected":false},"author":1,"featured_media":1333,"parent":0,"menu_order":0,"comment_status":"closed","ping_status":"closed","template":"","meta":{"footnotes":""},"class_list":["post-674","page","type-page","status-publish","has-post-thumbnail","hentry"],"_links":{"self":[{"href":"https:\/\/www.saint-frajou.com\/index.php\/wp-json\/wp\/v2\/pages\/674","targetHints":{"allow":["GET"]}}],"collection":[{"href":"https:\/\/www.saint-frajou.com\/index.php\/wp-json\/wp\/v2\/pages"}],"about":[{"href":"https:\/\/www.saint-frajou.com\/index.php\/wp-json\/wp\/v2\/types\/page"}],"author":[{"embeddable":true,"href":"https:\/\/www.saint-frajou.com\/index.php\/wp-json\/wp\/v2\/users\/1"}],"replies":[{"embeddable":true,"href":"https:\/\/www.saint-frajou.com\/index.php\/wp-json\/wp\/v2\/comments?post=674"}],"version-history":[{"count":27,"href":"https:\/\/www.saint-frajou.com\/index.php\/wp-json\/wp\/v2\/pages\/674\/revisions"}],"predecessor-version":[{"id":1782,"href":"https:\/\/www.saint-frajou.com\/index.php\/wp-json\/wp\/v2\/pages\/674\/revisions\/1782"}],"wp:featuredmedia":[{"embeddable":true,"href":"https:\/\/www.saint-frajou.com\/index.php\/wp-json\/wp\/v2\/media\/1333"}],"wp:attachment":[{"href":"https:\/\/www.saint-frajou.com\/index.php\/wp-json\/wp\/v2\/media?parent=674"}],"curies":[{"name":"wp","href":"https:\/\/api.w.org\/{rel}","templated":true}]}}